{"id":3217,"date":"2023-12-13T19:58:30","date_gmt":"2023-12-13T16:58:30","guid":{"rendered":"https:\/\/eraaluminyum.com.tr\/sealing\/"},"modified":"2024-04-30T13:27:05","modified_gmt":"2024-04-30T10:27:05","slug":"sealing","status":"publish","type":"page","link":"https:\/\/eraaluminyum.com.tr\/en\/sealing\/","title":{"rendered":"Sealing"},"content":{"rendered":"\t\t<div data-elementor-type=\"wp-page\" data-elementor-id=\"3217\" class=\"elementor elementor-3217 elementor-804\">\n\t\t\t\t\t\t<div class=\"elementor-section elementor-top-section elementor-element elementor-element-534d6735  ui-fluid-animation-6 elementor-section-boxed elementor-section-height-default elementor-section-height-default\" data-id=\"534d6735\" data-element_type=\"section\" data-settings=\"{&quot;background_background&quot;:&quot;gradient&quot;,&quot;section_fluid_on&quot;:&quot;yes&quot;}\">\n\t\t\t\t\t\t<div class=\"elementor-container elementor-column-gap-default\">\n\t\t\t\t\t<div class=\"elementor-column elementor-col-50 elementor-top-column elementor-element elementor-element-2c97e406\" data-id=\"2c97e406\" data-element_type=\"column\">\n\t\t\t<div class=\"elementor-widget-wrap elementor-element-populated\">\n\t\t\t\t\t\t<div class=\"elementor-element elementor-element-62367fb8 elementor-widget__width-auto elementor-icon-list--layout-traditional elementor-list-item-link-full_width elementor-invisible elementor-widget elementor-widget-icon-list\" data-id=\"62367fb8\" data-element_type=\"widget\" data-settings=\"{&quot;_animation&quot;:&quot;fadeInUp&quot;,&quot;_animation_delay&quot;:50}\" data-widget_type=\"icon-list.default\">\n\t\t\t\t<div class=\"elementor-widget-container\">\n\t\t\t<link rel=\"stylesheet\" href=\"https:\/\/eraaluminyum.com.tr\/wp-content\/plugins\/elementor\/assets\/css\/widget-icon-list.min.css\">\t\t<ul class=\"elementor-icon-list-items\">\n\t\t\t\t\t\t\t<li class=\"elementor-icon-list-item\">\n\t\t\t\t\t\t\t\t\t\t<span class=\"elementor-icon-list-text\">FASTENERS &amp; ACCESORIES<\/span>\n\t\t\t\t\t\t\t\t\t<\/li>\n\t\t\t\t\t\t<\/ul>\n\t\t\t\t<\/div>\n\t\t\t\t<\/div>\n\t\t\t\t<div class=\"elementor-element elementor-element-394f161f elementor-widget elementor-widget-spacer\" data-id=\"394f161f\" data-element_type=\"widget\" data-widget_type=\"spacer.default\">\n\t\t\t\t<div class=\"elementor-widget-container\">\n\t\t\t<style>\/*! elementor - v3.19.0 - 28-02-2024 *\/\n.elementor-column .elementor-spacer-inner{height:var(--spacer-size)}.e-con{--container-widget-width:100%}.e-con-inner>.elementor-widget-spacer,.e-con>.elementor-widget-spacer{width:var(--container-widget-width,var(--spacer-size));--align-self:var(--container-widget-align-self,initial);--flex-shrink:0}.e-con-inner>.elementor-widget-spacer>.elementor-widget-container,.e-con>.elementor-widget-spacer>.elementor-widget-container{height:100%;width:100%}.e-con-inner>.elementor-widget-spacer>.elementor-widget-container>.elementor-spacer,.e-con>.elementor-widget-spacer>.elementor-widget-container>.elementor-spacer{height:100%}.e-con-inner>.elementor-widget-spacer>.elementor-widget-container>.elementor-spacer>.elementor-spacer-inner,.e-con>.elementor-widget-spacer>.elementor-widget-container>.elementor-spacer>.elementor-spacer-inner{height:var(--container-widget-height,var(--spacer-size))}.e-con-inner>.elementor-widget-spacer.elementor-widget-empty,.e-con>.elementor-widget-spacer.elementor-widget-empty{position:relative;min-height:22px;min-width:22px}.e-con-inner>.elementor-widget-spacer.elementor-widget-empty .elementor-widget-empty-icon,.e-con>.elementor-widget-spacer.elementor-widget-empty .elementor-widget-empty-icon{position:absolute;top:0;bottom:0;left:0;right:0;margin:auto;padding:0;width:22px;height:22px}<\/style>\t\t<div class=\"elementor-spacer\">\n\t\t\t<div class=\"elementor-spacer-inner\"><\/div>\n\t\t<\/div>\n\t\t\t\t<\/div>\n\t\t\t\t<\/div>\n\t\t\t\t<div class=\"elementor-element elementor-element-7a13d1b8 elementor-widget__width-initial elementor-widget-tablet__width-initial ui-e-a-animate elementor-invisible elementor-widget elementor-widget-highlighted-text\" data-id=\"7a13d1b8\" data-element_type=\"widget\" data-settings=\"{&quot;_animation&quot;:&quot;fadeInUp&quot;,&quot;_animation_delay&quot;:200}\" data-widget_type=\"highlighted-text.default\">\n\t\t\t\t<div class=\"elementor-widget-container\">\n\t\t\t\t\t<h2 class=\"ui-e--highlighted-text\" >\r\n        <span class=\"ui-e-headline-text\">S\u0131zd\u0131rmazl\u0131k<\/span>        <\/h2>\r\n        \t\t<\/div>\n\t\t\t\t<\/div>\n\t\t\t\t<div class=\"elementor-element elementor-element-1f75919c elementor-widget elementor-widget-spacer\" data-id=\"1f75919c\" data-element_type=\"widget\" data-widget_type=\"spacer.default\">\n\t\t\t\t<div class=\"elementor-widget-container\">\n\t\t\t\t\t<div class=\"elementor-spacer\">\n\t\t\t<div class=\"elementor-spacer-inner\"><\/div>\n\t\t<\/div>\n\t\t\t\t<\/div>\n\t\t\t\t<\/div>\n\t\t\t\t\t<\/div>\n\t\t<\/div>\n\t\t\t\t<div class=\"elementor-column elementor-col-50 elementor-top-column elementor-element elementor-element-607b3ec4\" data-id=\"607b3ec4\" data-element_type=\"column\">\n\t\t\t<div class=\"elementor-widget-wrap\">\n\t\t\t\t\t\t\t<\/div>\n\t\t<\/div>\n\t\t\t\t\t<\/div>\n\t\t<\/div>\n\t\t\t\t<div class=\"elementor-section elementor-top-section elementor-element elementor-element-f652783 elementor-section-boxed elementor-section-height-default elementor-section-height-default\" data-id=\"f652783\" data-element_type=\"section\" data-settings=\"{&quot;background_background&quot;:&quot;classic&quot;}\">\n\t\t\t\t\t\t<div class=\"elementor-container elementor-column-gap-default\">\n\t\t\t\t\t<div class=\"elementor-column elementor-col-33 elementor-top-column elementor-element elementor-element-b87f87a\" data-id=\"b87f87a\" data-element_type=\"column\">\n\t\t\t<div class=\"elementor-widget-wrap elementor-element-populated\">\n\t\t\t\t\t\t<div class=\"elementor-element elementor-element-6cf136a elementor-widget__width-initial elementor-widget-tablet__width-initial ui-e-a-animate elementor-invisible elementor-widget elementor-widget-highlighted-text\" data-id=\"6cf136a\" data-element_type=\"widget\" data-settings=\"{&quot;_animation&quot;:&quot;fadeInUp&quot;,&quot;_animation_delay&quot;:200}\" data-widget_type=\"highlighted-text.default\">\n\t\t\t\t<div class=\"elementor-widget-container\">\n\t\t\t\t\t<h3 class=\"ui-e--highlighted-text\" >\r\n        <span class=\"ui-e-headline-text\">B-001 | EPDM BANT<\/span>        <\/h3>\r\n        \t\t<\/div>\n\t\t\t\t<\/div>\n\t\t\t\t<div class=\"elementor-element elementor-element-6305f80 elementor-widget elementor-widget-spacer\" data-id=\"6305f80\" data-element_type=\"widget\" data-widget_type=\"spacer.default\">\n\t\t\t\t<div class=\"elementor-widget-container\">\n\t\t\t\t\t<div class=\"elementor-spacer\">\n\t\t\t<div class=\"elementor-spacer-inner\"><\/div>\n\t\t<\/div>\n\t\t\t\t<\/div>\n\t\t\t\t<\/div>\n\t\t\t\t<div class=\"elementor-element elementor-element-f3361bf bdt-review-img--top elementor-widget elementor-widget-bdt-review-card-grid\" data-id=\"f3361bf\" data-element_type=\"widget\" data-widget_type=\"bdt-review-card-grid.default\">\n\t\t\t\t<div class=\"elementor-widget-container\">\n\t\t\t        <div class=\"bdt-review-card-grid\">\n                                <div class=\"bdt-ep-review-card-grid-item\">\n\n                                    <div class=\"bdt-ep-review-card-grid-image\">\n            <img decoding=\"async\" width=\"150\" height=\"150\" src=\"https:\/\/eraaluminyum.com.tr\/wp-content\/uploads\/2023\/12\/sb001.png\" class=\"attachment-uicore-medium size-uicore-medium\" alt=\"\" \/>        <\/div>\n                    \n            <div class=\"bdt-ep-review-card-grid-content\">\n                \n                                                        \n                                    \n                                    <div class=\"bdt-ep-review-card-grid-text\">\n                <p class=\"p1\"><strong>Ala\u015f\u0131m:<\/strong> EPDM<\/p>\n<strong>Boyut:<\/strong> 3 mm            <\/div>\n                \n                            <\/div>\n        <\/div>\n                            <\/div>\n        \t\t<\/div>\n\t\t\t\t<\/div>\n\t\t\t\t<div class=\"elementor-element elementor-element-1731270 elementor-widget elementor-widget-spacer\" data-id=\"1731270\" data-element_type=\"widget\" data-widget_type=\"spacer.default\">\n\t\t\t\t<div class=\"elementor-widget-container\">\n\t\t\t\t\t<div class=\"elementor-spacer\">\n\t\t\t<div class=\"elementor-spacer-inner\"><\/div>\n\t\t<\/div>\n\t\t\t\t<\/div>\n\t\t\t\t<\/div>\n\t\t\t\t\t<\/div>\n\t\t<\/div>\n\t\t\t\t<div class=\"elementor-column elementor-col-33 elementor-top-column elementor-element elementor-element-f6a6110\" data-id=\"f6a6110\" data-element_type=\"column\">\n\t\t\t<div class=\"elementor-widget-wrap elementor-element-populated\">\n\t\t\t\t\t\t<div class=\"elementor-element elementor-element-a51d0cc elementor-widget__width-initial elementor-widget-tablet__width-initial ui-e-a-animate elementor-invisible elementor-widget elementor-widget-highlighted-text\" data-id=\"a51d0cc\" data-element_type=\"widget\" data-settings=\"{&quot;_animation&quot;:&quot;fadeInUp&quot;,&quot;_animation_delay&quot;:200}\" data-widget_type=\"highlighted-text.default\">\n\t\t\t\t<div class=\"elementor-widget-container\">\n\t\t\t\t\t<h3 class=\"ui-e--highlighted-text\" >\r\n        <span class=\"ui-e-headline-text\">B-002 | KAU\u00c7UK CONTA<\/span>        <\/h3>\r\n        \t\t<\/div>\n\t\t\t\t<\/div>\n\t\t\t\t<div class=\"elementor-element elementor-element-363b72c elementor-widget elementor-widget-spacer\" data-id=\"363b72c\" data-element_type=\"widget\" data-widget_type=\"spacer.default\">\n\t\t\t\t<div class=\"elementor-widget-container\">\n\t\t\t\t\t<div class=\"elementor-spacer\">\n\t\t\t<div class=\"elementor-spacer-inner\"><\/div>\n\t\t<\/div>\n\t\t\t\t<\/div>\n\t\t\t\t<\/div>\n\t\t\t\t<div class=\"elementor-element elementor-element-ae77d87 bdt-review-img--top elementor-widget elementor-widget-bdt-review-card-grid\" data-id=\"ae77d87\" data-element_type=\"widget\" data-widget_type=\"bdt-review-card-grid.default\">\n\t\t\t\t<div class=\"elementor-widget-container\">\n\t\t\t        <div class=\"bdt-review-card-grid\">\n                                <div class=\"bdt-ep-review-card-grid-item\">\n\n                                    <div class=\"bdt-ep-review-card-grid-image\">\n            <img decoding=\"async\" width=\"150\" height=\"150\" src=\"https:\/\/eraaluminyum.com.tr\/wp-content\/uploads\/2023\/12\/sb002.png\" class=\"attachment-uicore-medium size-uicore-medium\" alt=\"\" \/>        <\/div>\n                    \n            <div class=\"bdt-ep-review-card-grid-content\">\n                \n                                                        \n                                    \n                                    <div class=\"bdt-ep-review-card-grid-text\">\n                <p class=\"p1\"><strong>Ala\u015f\u0131m:<\/strong> Kau\u00e7uk<\/p>\n<strong>Boyut:<\/strong> 2 mm            <\/div>\n                \n                            <\/div>\n        <\/div>\n                            <\/div>\n        \t\t<\/div>\n\t\t\t\t<\/div>\n\t\t\t\t<div class=\"elementor-element elementor-element-45681bb elementor-widget elementor-widget-spacer\" data-id=\"45681bb\" data-element_type=\"widget\" data-widget_type=\"spacer.default\">\n\t\t\t\t<div class=\"elementor-widget-container\">\n\t\t\t\t\t<div class=\"elementor-spacer\">\n\t\t\t<div class=\"elementor-spacer-inner\"><\/div>\n\t\t<\/div>\n\t\t\t\t<\/div>\n\t\t\t\t<\/div>\n\t\t\t\t\t<\/div>\n\t\t<\/div>\n\t\t\t\t<div class=\"elementor-column elementor-col-33 elementor-top-column elementor-element elementor-element-f8b174f\" data-id=\"f8b174f\" data-element_type=\"column\">\n\t\t\t<div class=\"elementor-widget-wrap elementor-element-populated\">\n\t\t\t\t\t\t<div class=\"elementor-element elementor-element-f6f5b59 elementor-widget__width-initial elementor-widget-tablet__width-initial ui-e-a-animate elementor-invisible elementor-widget elementor-widget-highlighted-text\" data-id=\"f6f5b59\" data-element_type=\"widget\" data-settings=\"{&quot;_animation&quot;:&quot;fadeInUp&quot;,&quot;_animation_delay&quot;:200}\" data-widget_type=\"highlighted-text.default\">\n\t\t\t\t<div class=\"elementor-widget-container\">\n\t\t\t\t\t<h3 class=\"ui-e--highlighted-text\" >\r\n        <span class=\"ui-e-headline-text\">B-003 | MEMBRAN APARATI<\/span>        <\/h3>\r\n        \t\t<\/div>\n\t\t\t\t<\/div>\n\t\t\t\t<div class=\"elementor-element elementor-element-14265e3 elementor-widget elementor-widget-spacer\" data-id=\"14265e3\" data-element_type=\"widget\" data-widget_type=\"spacer.default\">\n\t\t\t\t<div class=\"elementor-widget-container\">\n\t\t\t\t\t<div class=\"elementor-spacer\">\n\t\t\t<div class=\"elementor-spacer-inner\"><\/div>\n\t\t<\/div>\n\t\t\t\t<\/div>\n\t\t\t\t<\/div>\n\t\t\t\t<div class=\"elementor-element elementor-element-7f0a153 bdt-review-img--top elementor-widget elementor-widget-bdt-review-card-grid\" data-id=\"7f0a153\" data-element_type=\"widget\" data-widget_type=\"bdt-review-card-grid.default\">\n\t\t\t\t<div class=\"elementor-widget-container\">\n\t\t\t        <div class=\"bdt-review-card-grid\">\n                                <div class=\"bdt-ep-review-card-grid-item\">\n\n                                    <div class=\"bdt-ep-review-card-grid-image\">\n            <img decoding=\"async\" width=\"150\" height=\"150\" src=\"https:\/\/eraaluminyum.com.tr\/wp-content\/uploads\/2023\/12\/sb003.png\" class=\"attachment-uicore-medium size-uicore-medium\" alt=\"\" \/>        <\/div>\n                    \n            <div class=\"bdt-ep-review-card-grid-content\">\n                \n                                                        \n                                    \n                                    <div class=\"bdt-ep-review-card-grid-text\">\n                <p class=\"p1\"><strong>Ala\u015f\u0131m:<\/strong> PVC\/TPO<\/p>\n<strong>Boyut:<\/strong> 1.5 mm            <\/div>\n                \n                            <\/div>\n        <\/div>\n                            <\/div>\n        \t\t<\/div>\n\t\t\t\t<\/div>\n\t\t\t\t<div class=\"elementor-element elementor-element-7276ca3 elementor-widget elementor-widget-spacer\" data-id=\"7276ca3\" data-element_type=\"widget\" data-widget_type=\"spacer.default\">\n\t\t\t\t<div class=\"elementor-widget-container\">\n\t\t\t\t\t<div class=\"elementor-spacer\">\n\t\t\t<div class=\"elementor-spacer-inner\"><\/div>\n\t\t<\/div>\n\t\t\t\t<\/div>\n\t\t\t\t<\/div>\n\t\t\t\t\t<\/div>\n\t\t<\/div>\n\t\t\t\t\t<\/div>\n\t\t<\/div>\n\t\t\t\t<\/div>\n\t\t","protected":false},"excerpt":{"rendered":"<p>FASTENERS &amp; ACCESORIES S\u0131zd\u0131rmazl\u0131k B-001 | EPDM BANT Ala\u015f\u0131m: EPDM Boyut: 3 mm B-002 | KAU\u00c7UK CONTA Ala\u015f\u0131m: Kau\u00e7uk Boyut: 2 mm [&hellip;]<\/p>\n","protected":false},"author":2,"featured_media":0,"parent":0,"menu_order":0,"comment_status":"closed","ping_status":"closed","template":"","meta":{"footnotes":""},"_links":{"self":[{"href":"https:\/\/eraaluminyum.com.tr\/en\/wp-json\/wp\/v2\/pages\/3217"}],"collection":[{"href":"https:\/\/eraaluminyum.com.tr\/en\/wp-json\/wp\/v2\/pages"}],"about":[{"href":"https:\/\/eraaluminyum.com.tr\/en\/wp-json\/wp\/v2\/types\/page"}],"author":[{"embeddable":true,"href":"https:\/\/eraaluminyum.com.tr\/en\/wp-json\/wp\/v2\/users\/2"}],"replies":[{"embeddable":true,"href":"https:\/\/eraaluminyum.com.tr\/en\/wp-json\/wp\/v2\/comments?post=3217"}],"version-history":[{"count":1,"href":"https:\/\/eraaluminyum.com.tr\/en\/wp-json\/wp\/v2\/pages\/3217\/revisions"}],"predecessor-version":[{"id":3218,"href":"https:\/\/eraaluminyum.com.tr\/en\/wp-json\/wp\/v2\/pages\/3217\/revisions\/3218"}],"wp:attachment":[{"href":"https:\/\/eraaluminyum.com.tr\/en\/wp-json\/wp\/v2\/media?parent=3217"}],"curies":[{"name":"wp","href":"https:\/\/api.w.org\/{rel}","templated":true}]}}